{"id":1181,"date":"2019-09-30T09:56:35","date_gmt":"2019-09-30T07:56:35","guid":{"rendered":"https:\/\/www.appartamentirocca.it\/home\/"},"modified":"2019-11-18T10:33:16","modified_gmt":"2019-11-18T09:33:16","slug":"home","status":"publish","type":"page","link":"https:\/\/www.appartamentirocca.it\/fr\/","title":{"rendered":"Home"},"content":{"rendered":"<p>[et_pb_section fb_built=\u00a0\u00bb1&Prime; fullwidth=\u00a0\u00bbon\u00a0\u00bb _builder_version=\u00a0\u00bb3.21.1&Prime; custom_margin=\u00a0\u00bb-146px|||\u00a0\u00bb custom_margin_phone=\u00a0\u00bb0px||\u00a0\u00bb custom_margin_last_edited=\u00a0\u00bbon|phone\u00a0\u00bb custom_padding=\u00a0\u00bb0px|0px|0px|0px\u00a0\u00bb z_index_tablet=\u00a0\u00bb500&Prime;][et_pb_nextend_smart_slider_3_fullwidth slider=\u00a0\u00bb6&Prime; _builder_version=\u00a0\u00bb3.21.1&Prime;][\/et_pb_nextend_smart_slider_3_fullwidth][\/et_pb_section]<\/p>\n","protected":false},"excerpt":{"rendered":"<p>[et_pb_section fb_built=\u00a0\u00bb1&Prime; fullwidth=\u00a0\u00bbon\u00a0\u00bb _builder_version=\u00a0\u00bb3.21.1&Prime; custom_margin=\u00a0\u00bb-146px|||\u00a0\u00bb custom_margin_phone=\u00a0\u00bb0px||\u00a0\u00bb custom_margin_last_edited=\u00a0\u00bbon|phone\u00a0\u00bb custom_padding=\u00a0\u00bb0px|0px|0px|0px\u00a0\u00bb z_index_tablet=\u00a0\u00bb500&Prime;][et_pb_nextend_smart_slider_3_fullwidth slider=\u00a0\u00bb6&Prime; _builder_version=\u00a0\u00bb3.21.1&Prime;][\/et_pb_nextend_smart_slider_3_fullwidth][\/et_pb_section]<\/p>\n","protected":false},"author":1,"featured_media":0,"parent":0,"menu_order":0,"comment_status":"closed","ping_status":"closed","template":"","meta":{"_et_pb_use_builder":"on","_et_pb_old_content":"","_et_gb_content_width":"","footnotes":""},"class_list":["post-1181","page","type-page","status-publish","hentry"],"yoast_head":"<!-- This site is optimized with the Yoast SEO plugin v27.0 - https:\/\/yoast.com\/product\/yoast-seo-wordpress\/ -->\n<title>Home | Appartamenti Rocca | S\u00e9journez dans de splendides appartements \u00e0 monforte d&#039;alba dans la langhe<\/title>\n<meta name=\"description\" content=\"Home | Appartamenti Rocca | S\u00e9journez dans de splendides appartements \u00e0 monforte d&#039;alba dans la langhe\" \/>\n<meta name=\"robots\" content=\"index, follow, max-snippet:-1, max-image-preview:large, max-video-preview:-1\" \/>\n<link rel=\"canonical\" href=\"https:\/\/www.appartamentirocca.it\/fr\/\" \/>\n<meta property=\"og:locale\" content=\"fr_FR\" \/>\n<meta property=\"og:type\" content=\"article\" \/>\n<meta property=\"og:title\" content=\"Home | Appartamenti Rocca | S\u00e9journez dans de splendides appartements \u00e0 monforte d&#039;alba dans la langhe\" \/>\n<meta property=\"og:description\" content=\"Home | Appartamenti Rocca | S\u00e9journez dans de splendides appartements \u00e0 monforte d&#039;alba dans la langhe\" \/>\n<meta property=\"og:url\" content=\"https:\/\/www.appartamentirocca.it\/fr\/\" \/>\n<meta property=\"og:site_name\" content=\"Appartamenti Rocca\" \/>\n<meta property=\"article:modified_time\" content=\"2019-11-18T09:33:16+00:00\" \/>\n<meta name=\"twitter:card\" content=\"summary_large_image\" \/>\n<script type=\"application\/ld+json\" class=\"yoast-schema-graph\">{\"@context\":\"https:\/\/schema.org\",\"@graph\":[{\"@type\":\"WebPage\",\"@id\":\"https:\/\/www.appartamentirocca.it\/fr\/\",\"url\":\"https:\/\/www.appartamentirocca.it\/fr\/\",\"name\":\"Home | Appartamenti Rocca | S\u00e9journez dans de splendides appartements \u00e0 monforte d'alba dans la langhe\",\"isPartOf\":{\"@id\":\"https:\/\/www.appartamentirocca.it\/de\/#website\"},\"datePublished\":\"2019-09-30T07:56:35+00:00\",\"dateModified\":\"2019-11-18T09:33:16+00:00\",\"description\":\"Home | Appartamenti Rocca | S\u00e9journez dans de splendides appartements \u00e0 monforte d'alba dans la langhe\",\"breadcrumb\":{\"@id\":\"https:\/\/www.appartamentirocca.it\/fr\/#breadcrumb\"},\"inLanguage\":\"fr-FR\",\"potentialAction\":[{\"@type\":\"ReadAction\",\"target\":[\"https:\/\/www.appartamentirocca.it\/fr\/\"]}]},{\"@type\":\"BreadcrumbList\",\"@id\":\"https:\/\/www.appartamentirocca.it\/fr\/#breadcrumb\",\"itemListElement\":[{\"@type\":\"ListItem\",\"position\":1,\"name\":\"Home\",\"item\":\"https:\/\/www.appartamentirocca.it\/fr\/\"},{\"@type\":\"ListItem\",\"position\":2,\"name\":\"Home\"}]},{\"@type\":\"WebSite\",\"@id\":\"https:\/\/www.appartamentirocca.it\/de\/#website\",\"url\":\"https:\/\/www.appartamentirocca.it\/de\/\",\"name\":\"Appartamenti Rocca\",\"description\":\"Azienda agricola ed enoteca\",\"potentialAction\":[{\"@type\":\"SearchAction\",\"target\":{\"@type\":\"EntryPoint\",\"urlTemplate\":\"https:\/\/www.appartamentirocca.it\/de\/?s={search_term_string}\"},\"query-input\":{\"@type\":\"PropertyValueSpecification\",\"valueRequired\":true,\"valueName\":\"search_term_string\"}}],\"inLanguage\":\"fr-FR\"}]}<\/script>\n<!-- \/ Yoast SEO plugin. -->","yoast_head_json":{"title":"Home | Appartamenti Rocca | S\u00e9journez dans de splendides appartements \u00e0 monforte d'alba dans la langhe","description":"Home | Appartamenti Rocca | S\u00e9journez dans de splendides appartements \u00e0 monforte d'alba dans la langhe","robots":{"index":"index","follow":"follow","max-snippet":"max-snippet:-1","max-image-preview":"max-image-preview:large","max-video-preview":"max-video-preview:-1"},"canonical":"https:\/\/www.appartamentirocca.it\/fr\/","og_locale":"fr_FR","og_type":"article","og_title":"Home | Appartamenti Rocca | S\u00e9journez dans de splendides appartements \u00e0 monforte d'alba dans la langhe","og_description":"Home | Appartamenti Rocca | S\u00e9journez dans de splendides appartements \u00e0 monforte d'alba dans la langhe","og_url":"https:\/\/www.appartamentirocca.it\/fr\/","og_site_name":"Appartamenti Rocca","article_modified_time":"2019-11-18T09:33:16+00:00","twitter_card":"summary_large_image","schema":{"@context":"https:\/\/schema.org","@graph":[{"@type":"WebPage","@id":"https:\/\/www.appartamentirocca.it\/fr\/","url":"https:\/\/www.appartamentirocca.it\/fr\/","name":"Home | Appartamenti Rocca | S\u00e9journez dans de splendides appartements \u00e0 monforte d'alba dans la langhe","isPartOf":{"@id":"https:\/\/www.appartamentirocca.it\/de\/#website"},"datePublished":"2019-09-30T07:56:35+00:00","dateModified":"2019-11-18T09:33:16+00:00","description":"Home | Appartamenti Rocca | S\u00e9journez dans de splendides appartements \u00e0 monforte d'alba dans la langhe","breadcrumb":{"@id":"https:\/\/www.appartamentirocca.it\/fr\/#breadcrumb"},"inLanguage":"fr-FR","potentialAction":[{"@type":"ReadAction","target":["https:\/\/www.appartamentirocca.it\/fr\/"]}]},{"@type":"BreadcrumbList","@id":"https:\/\/www.appartamentirocca.it\/fr\/#breadcrumb","itemListElement":[{"@type":"ListItem","position":1,"name":"Home","item":"https:\/\/www.appartamentirocca.it\/fr\/"},{"@type":"ListItem","position":2,"name":"Home"}]},{"@type":"WebSite","@id":"https:\/\/www.appartamentirocca.it\/de\/#website","url":"https:\/\/www.appartamentirocca.it\/de\/","name":"Appartamenti Rocca","description":"Azienda agricola ed enoteca","potentialAction":[{"@type":"SearchAction","target":{"@type":"EntryPoint","urlTemplate":"https:\/\/www.appartamentirocca.it\/de\/?s={search_term_string}"},"query-input":{"@type":"PropertyValueSpecification","valueRequired":true,"valueName":"search_term_string"}}],"inLanguage":"fr-FR"}]}},"_links":{"self":[{"href":"https:\/\/www.appartamentirocca.it\/fr\/wp-json\/wp\/v2\/pages\/1181","targetHints":{"allow":["GET"]}}],"collection":[{"href":"https:\/\/www.appartamentirocca.it\/fr\/wp-json\/wp\/v2\/pages"}],"about":[{"href":"https:\/\/www.appartamentirocca.it\/fr\/wp-json\/wp\/v2\/types\/page"}],"author":[{"embeddable":true,"href":"https:\/\/www.appartamentirocca.it\/fr\/wp-json\/wp\/v2\/users\/1"}],"replies":[{"embeddable":true,"href":"https:\/\/www.appartamentirocca.it\/fr\/wp-json\/wp\/v2\/comments?post=1181"}],"version-history":[{"count":1,"href":"https:\/\/www.appartamentirocca.it\/fr\/wp-json\/wp\/v2\/pages\/1181\/revisions"}],"predecessor-version":[{"id":1182,"href":"https:\/\/www.appartamentirocca.it\/fr\/wp-json\/wp\/v2\/pages\/1181\/revisions\/1182"}],"wp:attachment":[{"href":"https:\/\/www.appartamentirocca.it\/fr\/wp-json\/wp\/v2\/media?parent=1181"}],"curies":[{"name":"wp","href":"https:\/\/api.w.org\/{rel}","templated":true}]}}