{"id":1483,"date":"2019-10-22T11:34:19","date_gmt":"2019-10-22T09:34:19","guid":{"rendered":"https:\/\/www.appartamentirocca.it\/mietbedingungen-und-fristen\/"},"modified":"2019-12-28T09:09:27","modified_gmt":"2019-12-28T08:09:27","slug":"mietbedingungen-und-fristen","status":"publish","type":"page","link":"https:\/\/www.appartamentirocca.it\/de\/mietbedingungen-und-fristen\/","title":{"rendered":"MIETBEDINGUNGEN UND FRISTEN"},"content":{"rendered":"<p>[et_pb_section fb_built=&#8220;1&#8243; _builder_version=&#8220;3.22&#8243; custom_margin=&#8220;-146px|||&#8220; custom_margin_tablet=&#8220;&#8220; custom_margin_phone=&#8220;-100px||&#8220; custom_margin_last_edited=&#8220;on|phone&#8220; custom_padding=&#8220;0px|0px|0px|0px&#8220; z_index_tablet=&#8220;500&#8243;][et_pb_row _builder_version=&#8220;3.25&#8243; custom_padding=&#8220;0px||0px|&#8220; z_index_tablet=&#8220;500&#8243;][et_pb_column type=&#8220;4_4&#8243; _builder_version=&#8220;3.25&#8243; custom_padding=&#8220;|||&#8220; custom_padding__hover=&#8220;|||&#8220;][et_pb_text _builder_version=&#8220;3.27.4&#8243;]<\/p>\n<div><style>div#n2-ss-22{width:1200px;float:left;margin:0px 0px 0px 0px;}html[dir=\"rtl\"] div#n2-ss-22{float:right;}div#n2-ss-22 .n2-ss-slider-1{position:relative;padding-top:0px;padding-right:0px;padding-bottom:0px;padding-left:0px;height:500px;border-style:solid;border-width:0px;border-color:#3e3e3e;border-color:RGBA(62,62,62,1);border-radius:0px;background-clip:padding-box;background-repeat:repeat;background-position:50% 50%;background-size:cover;background-attachment:scroll;}div#n2-ss-22 .n2-ss-slider-background-video-container{position:absolute;left:0;top:0;width:100%;height:100%;overflow:hidden;}div#n2-ss-22 .n2-ss-slider-2{position:relative;width:100%;height:100%;}.x-firefox div#n2-ss-22 .n2-ss-slider-2{opacity:0.99999;}div#n2-ss-22 .n2-ss-slider-3{position:relative;width:100%;height:100%;overflow:hidden;outline:1px solid rgba(0,0,0,0);z-index:10;}div#n2-ss-22 .n2-ss-slide-backgrounds,div#n2-ss-22 .n2-ss-slider-3 > .n-particles-js-canvas-el,div#n2-ss-22 .n2-ss-slider-3 > .n2-ss-divider{position:absolute;left:0;top:0;width:100%;height:100%;}div#n2-ss-22 .n2-ss-slide-backgrounds{z-index:10;}div#n2-ss-22 .n2-ss-slider-3 > .n-particles-js-canvas-el{z-index:12;}div#n2-ss-22 .n2-ss-slide-backgrounds > *{overflow:hidden;}div#n2-ss-22 .n2-ss-slide{position:absolute;top:0;left:0;width:100%;height:100%;z-index:20;display:block;-webkit-backface-visibility:hidden;}div#n2-ss-22 .n2-ss-layers-container{position:relative;width:1200px;height:500px;}div#n2-ss-22 .n2-ss-parallax-clip > .n2-ss-layers-container{position:absolute;right:0;}div#n2-ss-22 .n2-ss-slide{-webkit-perspective:1000px;perspective:1000px;}div#n2-ss-22 .n2-ss-slide-active{z-index:21;}<\/style><div class=\"n2-ss-margin\" style=\"margin: 0px 50px 0px 50px;\"><div id=\"n2-ss-22-align\" class=\"n2-ss-align\"><div class=\"n2-padding\"><div id=\"n2-ss-22\" data-creator=\"Smart Slider 3\" class=\"n2-ss-slider n2-ow n2-has-hover n2notransition n2-ss-load-fade \" data-minFontSizedesktopPortrait=\"1\" data-minFontSizedesktopLandscape=\"1\" data-minFontSizetabletPortrait=\"1\" data-minFontSizetabletLandscape=\"1\" data-minFontSizemobilePortrait=\"1\" data-minFontSizemobileLandscape=\"1\" style=\"font-size: 16px;\" data-fontsize=\"16\">\r\n        <div class=\"n2-ss-slider-1 n2-ss-swipe-element n2-ow\" style=\"\">\r\n                        <div class=\"n2-ss-slider-2 n2-ow\">\r\n                                <div class=\"n2-ss-slider-3 n2-ow\" style=\"\">\r\n\r\n                    <div class=\"n2-ss-slide-backgrounds\"><\/div><div data-first=\"1\" data-slide-duration=\"0\" data-id=\"132\" style=\"\" class=\"n2-ss-slide n2-ss-canvas n2-ow  n2-ss-slide-132\"><div class=\"n2-ss-slide-background n2-ow\" data-mode=\"fill\"><img decoding=\"async\" data-hash=\"9e7fa766630e9466732b52dfb0a508ac\" data-desktop=\"\/\/www.appartamentirocca.it\/wp-content\/uploads\/2019\/03\/home-intro.jpg\" data-blur=\"0\" data-opacity=\"60\" data-x=\"50\" data-y=\"50\" src=\"\/\/www.appartamentirocca.it\/wp-content\/uploads\/2019\/03\/home-intro.jpg\" alt=\"\" \/><div class=\"n2-ss-slide-background-color\" style=\"background-color: #000000;\"><\/div><\/div><div class=\"n2-ss-layers-container n2-ow\" data-csstextalign=\"center\" style=\"\"><\/div><\/div>                <\/div>\r\n            <\/div>\r\n                    <\/div>\r\n        <\/div><div class=\"n2-clear\"><\/div><div id=\"n2-ss-22-spinner\" style=\"display: none;\"><div><div class=\"n2-ss-spinner-simple-white-container\"><div class=\"n2-ss-spinner-simple-white\"><\/div><\/div><\/div><\/div><\/div><\/div><\/div><div id=\"n2-ss-22-placeholder\" style=\"position: relative;z-index:2;background-color:RGBA(0,0,0,0);max-height:600px; background-color:RGBA(255,255,255,0);\"><img decoding=\"async\" style=\"width: 100%; max-width:10000px; display: block;opacity:0;\" class=\"n2-ow\" src=\"data:image\/svg+xml;base64,PHN2ZyB4bWxucz0iaHR0cDovL3d3dy53My5vcmcvMjAwMC9zdmciIHZlcnNpb249IjEuMCIgd2lkdGg9IjEyMDAiIGhlaWdodD0iNTAwIiA+PC9zdmc+\" alt=\"Slider\" \/><\/div><\/div>\n<p>&nbsp;[\/et_pb_text][\/et_pb_column][\/et_pb_row][\/et_pb_section][et_pb_section fb_built=&#8220;1&#8243; _builder_version=&#8220;3.22&#8243; custom_padding=&#8220;80px||80px&#8220;][et_pb_row module_id=&#8220;appartamenti&#8220; _builder_version=&#8220;3.25&#8243; background_size=&#8220;initial&#8220; background_position=&#8220;top_left&#8220; background_repeat=&#8220;repeat&#8220; custom_padding=&#8220;0px||0px&#8220;][et_pb_column type=&#8220;4_4&#8243; _builder_version=&#8220;3.25&#8243; custom_padding=&#8220;|||&#8220; custom_padding__hover=&#8220;|||&#8220;][et_pb_text admin_label=&#8220;Testo&#8220; _builder_version=&#8220;3.27.4&#8243; text_font=&#8220;Montserrat||||||||&#8220; text_letter_spacing=&#8220;1px&#8220; text_line_height=&#8220;2em&#8220; header_font=&#8220;||||||||&#8220; header_2_font=&#8220;||||||||&#8220; header_2_text_align=&#8220;left&#8220; header_2_font_size=&#8220;30px&#8220; header_2_letter_spacing=&#8220;1&#8243; header_2_line_height=&#8220;1.7em&#8220; z_index_tablet=&#8220;500&#8243; header_2_font_size_tablet=&#8220;&#8220; header_2_font_size_phone=&#8220;20px&#8220; header_2_font_size_last_edited=&#8220;on|phone&#8220;]<\/p>\n<h2>MIETBEDINGUNGEN UND FRISTEN<\/h2>\n<p>[\/et_pb_text][et_pb_text admin_label=&#8220;Termini e condizioni&#8220; module_class=&#8220;condizioni-titoli&#8220; _builder_version=&#8220;4.0.7&#8243; text_font=&#8220;Montserrat||||||||&#8220; header_font=&#8220;||||||||&#8220; header_line_height=&#8220;2em&#8220; header_3_font=&#8220;Montserrat||||||||&#8220; header_3_text_align=&#8220;left&#8220; header_3_text_color=&#8220;#6765D4&#8243; header_3_font_size=&#8220;20px&#8220;]Rocca vermietet Ferienwohnungen nur zu Freizeitzwecken.<br \/>\nBesitzer: Rocca Costantino<br \/>\nPiazza Umberto I 20<br \/>\n12065 MONFORTE D\u2019ALBA (Italien)<br \/>\nGast: BITTE alle Personen anmelden, die in ihrem Namen in der Ferienwohnung \u00fcbernachten<\/p>\n<h3>Allgemeine Bedingungen:<\/h3>\n<p>Wir empfehlen, aufmerksam alles sorgf\u00e4ltig zu lesen vor allem<br \/>\n&#8211; die Allgemeinen Mietbedingungen<br \/>\n&#8211; die Allgemeinen Zahlungsbedingungen<br \/>\nWenn sie nicht eingehalten werden, kann der Eigentumer Ihnen bitten sein Besitz zu verlassen vorzeitig, ohne von der Zahlung befreit zu werden.<\/p>\n<p>Ein Aufenthalt von mindestens zwei N\u00e4chten ist erw\u00fcnscht.<\/p>\n<h3>Buchungen und Bezahlung von Geb\u00fchren.<br \/>\nSie k\u00f6nnen eine Reservierung machen<\/h3>\n<p>&#8211; \u00dcber unsere Website www.appartamentirocca.it<br \/>\ntelefonisch +39 (0)173 787156 +39 3386035231<\/p>\n<p>Mail an: <a href=\"mailto:enoteca.rocca@gmail.com\">enoteca.rocca@gmail.com<\/a> &#8211; <a href=\"mailto:info@appartamentirocca.it\">info@appartamentirocca.it<\/a><\/p>\n<p>Nachdem Wir die Verf\u00fcgbarkeit \u00fcberpr\u00fcft haben, erhalten Sie eine Zahlungsaufforderung per E-mail mit dem Betrag der Kaution (betrag f\u00fcr eine \u00dcbernachtung ),(je nach Wunsch Apartment preis) die Sie per:<br \/>\n&#8211; Bank\u00fcberweisung bezahlen k\u00f6nnen<br \/>\n( Die Daten werden im Best\u00e4tigungsmail versendet)<br \/>\n&#8211; Kreditkarten oder<br \/>\n&#8211; PayWay<\/p>\n<p>Nach erhalt der Anzahlung erhalten Sie eine schriftliche Best\u00e4tigung per eMail.<\/p>\n<p>Ihren offene Kontostand bezahlen Sie bitte bei der Ankunft.<\/p>\n<h3>Die Geb\u00fchren umfassen Folgendes:<\/h3>\n<p>MwSt., Endreinigung, Fertigbetten mit Wochenwechsel der Bettw\u00e4sche, Bade Handt\u00fccher &#8211; und K\u00fcchent\u00fccher, dauen Decken, Kissen, TV, Heizung, Gas, Warmwasser, Strom, Geschirr, komplette K\u00fcche, WIFI\/WLAN-Anschluss, Schlie\u00dffach, und obligatorisches Touristensteuer.<br \/>\nDie Geb\u00fchren variieren je nach Zeitraum, wie es am Standort angegeben ist.<br \/>\nDie Miettarife ber\u00fccksichtigen die Anzahl der Personen, die sich dort aufhalten d\u00fcrfen, zus\u00e4tzlichen Pl\u00e4tze bzw. Zum Beispiel auf den Bettsofas sind eventuellen Zusatzkosten f\u00e4llig<\/p>\n<h3>Fristen f\u00fcr die Stornierung der Buchung (bitte sorgf\u00e4ltig lesen)<\/h3>\n<p>Der Vertrag sieht eine Rezession vor.<br \/>\nErfolgt die R\u00fccktrittsanfrage bis 30 Tage vor dem voraussichtlichen Ankunftsdatum, wird der gesamte Betrag der Kaution innerhalb von 7 Tagen nach Erhalt der K\u00fcndigung zur\u00fcckgezahlt.<br \/>\nErfolgt die Kommunikation erst \/zwischen 29 Tagen vor der Ankunft, wird die vorausgezahlte Kaution nicht zur\u00fcckerstattet.<br \/>\nBeim Komplet nicht erscheinen zum Check-in Datum werden die Gesamtkosten (100%) vollst\u00e4ndig verlangt und abgebucht.<\/p>\n<h3>Tiere<\/h3>\n<p>Wenn Sie verantwortungsbewusst sind und Ihre Hund gut erzogen ist, k\u00f6nnen Sie ihn lieben gerne mitbringen.<\/p>\n<h3>Aufenthalt<\/h3>\n<p>Die Wohnung soll bitte so bewohnt werden mit Respekt, Verantwortungsvoll f\u00fcr die Inneneinrichtung und in Bezug auf unsere Nachbarn. (Ger\u00e4uschpegel)<\/p>\n<h3>Schaden<\/h3>\n<p>Bei der Ankunft wird eine \u00dcberpr\u00fcfung des Wohnungszustandes und der vorhandenen Ausstattung durchgef\u00fchrt, um die Vorliebe zu pr\u00fcfen mit Ihnen zusammen. Gemietete R\u00e4ume sind unter den gleichen Bedingungen zur\u00fcckzugeben wie sie empfangen wurden. Falls eine Besch\u00e4digung an der angemieteten Wohnung und\/oder deren Inhalten entstanden ist, m\u00fcssen Sie diese umgehend melden. Reparatur- oder eventuell Ersatzkosten werden auch erhoben, wenn der Schaden NACH der Abreise festgestellt wird.<\/p>\n<h3>Verantwortlichkeiten<\/h3>\n<p>Eigentum \u00fcbernimmt keine Verantwortung<br \/>\n&#8211; f\u00fcr den Verlust oder Diebstahl von pers\u00f6nlichen Gegenst\u00e4nden und Gegenst\u00e4nden,<br \/>\n&#8211; durch vor\u00fcbergehendes Fehlen oder St\u00f6rung der Wasser- und\/oder Stromversorgung, der Internetverbindung, der Heizung oder der Zugangswege innerhalb und um die Wohnung, Verkehrswege, Verlegung und\/oder Schlie\u00dfung von Gesch\u00e4ften, Firmen usw.,<br \/>\n&#8211; f\u00fcr jede Form von L\u00e4rmbelastung, z. B. durch Bauarbeiten, Stra\u00dfenreparaturen und andere T\u00e4tigkeiten rund um das Geb\u00e4ude,<br \/>\nBei Sachsch\u00e4den oder immateriellen Sch\u00e4den, die im oder um das Haus entstehen.<\/p>\n<h3>Reinigung<\/h3>\n<p>Der Gast muss die Wohnung sauber und ordentlich hinterlassen . In der K\u00fcche muss das Geschirr richtig gewaschen und verstaut werden, der Geschirrsp\u00fcler sowie der K\u00fchlschrank m\u00fcssen geleert werden. Bitte hinterlassen Sie keinen Abfall in der Wohnung: im Eingangsbereich, hinter dem Aufzugsschacht, befinden sich die Abfalleimer diversen (Papier, Glas\/Alu und Plastik), der Abfalleimer (nicht recyclebar)(RSU) befindet sich im Aussenbeh\u00e4lter entlang der Gasse. Organisch ist auch separat.<\/p>\n<h3>M\u00e4ngel und Beanstandungen<\/h3>\n<p>Der Gast wird gebeten, alle Beschwerden \u00fcber die Reinigung der Wohnung und allf\u00e4llige M\u00e4ngel zu Beginn der Mietzeit sofort an das Grundst\u00fcck zu melden, damit diese behoben werden k\u00f6nnen.<\/p>\n<h3>Nicht Raucher Wohnungen<\/h3>\n<p>Die Wohnungen sind absolut Nichtraucher -ebenso streng verboten wie im Eingangsbereich, im Treppenhaus und im Fahrstuhl. Wer ohne Zigarette nicht auskommen kann, kann nur draussen auf Balkonen und Terrassen rauchen.<br \/>\nWir bitten Sie, diese Regel einzuhalten, um ein gesundes und sauberes Klima im Geb\u00e4ude zu erhalten.<\/p>\n<h3>Zug\u00e4nge\/Abreisen<\/h3>\n<p>Zwischen 15 und 20 Uhr<br \/>\nAbreise 11 Uhr.<br \/>\nUnterschiedliche Ankunfts-\/Abfahrtszeiten k\u00f6nnen mit dem Eigent\u00fcmer abgesprochen werden.<br \/>\nAusser am Mittwoch k\u00f6nnen Sie sich direkt an unsere Enoteca, den Platz Umberto I, 20 wenden.<\/p>\n<h3>Inhalte der Website<\/h3>\n<p>Die Inhaber haben ihr Bestes getan, um sicherzustellen, dass die Wohnungen, ihr Standort, die Umgebung, das Zubeh\u00f6r und die Einrichtung genau so sind wie auf der Internetseiten sich befinden-und genau so sind bei der Ankunft. Aber Wir behalten uns vor die Freiheit, M\u00f6bel und Accessoires zu verschieben und\/oder zu ersetzen, verbessern, je nach ermessen und Erfahrungen.<br \/>\nEigentum beh\u00e4lt sich das Recht vor,<br \/>\n&#8211; jede ver\u00f6ffentlichte Information inkl. Tarife, Fotos, Beschreibungen,<br \/>\n&#8211; die Gesch\u00e4ftsbedingungen und Bedingungen zu \u00e4ndern je nach dem wenn zu Not erforderlich.<br \/>\nBei der Anmietung wird erwartet, dass sich die G\u00e4ste des Inhalts dieser Gesch\u00e4ftsbedingungen bewusst sind und mit ihnen \u00fcbereinstimmen. Auf jeden Fall hat der Gast die Inhalte dieser Gesch\u00e4ftsbedingungen mit der Buchung ausdr\u00fccklich akzeptiert.<\/p>\n<p>Es gelten die Gesetze der Italienischen Republik. Erf\u00fcllungsort\/zust\u00e4ndiges Gericht.[\/et_pb_text][\/et_pb_column][\/et_pb_row][\/et_pb_section]<\/p>\n","protected":false},"excerpt":{"rendered":"<p>[et_pb_section fb_built=&#8220;1&#8243; _builder_version=&#8220;3.22&#8243; custom_margin=&#8220;-146px|||&#8220; custom_margin_tablet=&#8220;&#8220; custom_margin_phone=&#8220;-100px||&#8220; custom_margin_last_edited=&#8220;on|phone&#8220; custom_padding=&#8220;0px|0px|0px|0px&#8220; z_index_tablet=&#8220;500&#8243;][et_pb_row _builder_version=&#8220;3.25&#8243; custom_padding=&#8220;0px||0px|&#8220; z_index_tablet=&#8220;500&#8243;][et_pb_column type=&#8220;4_4&#8243; _builder_version=&#8220;3.25&#8243; custom_padding=&#8220;|||&#8220; custom_padding__hover=&#8220;|||&#8220;][et_pb_text _builder_version=&#8220;3.27.4&#8243;] &nbsp;[\/et_pb_text][\/et_pb_column][\/et_pb_row][\/et_pb_section][et_pb_section fb_built=&#8220;1&#8243; _builder_version=&#8220;3.22&#8243; custom_padding=&#8220;80px||80px&#8220;][et_pb_row module_id=&#8220;appartamenti&#8220; _builder_version=&#8220;3.25&#8243; background_size=&#8220;initial&#8220; background_position=&#8220;top_left&#8220; background_repeat=&#8220;repeat&#8220; custom_padding=&#8220;0px||0px&#8220;][et_pb_column type=&#8220;4_4&#8243; _builder_version=&#8220;3.25&#8243; custom_padding=&#8220;|||&#8220; custom_padding__hover=&#8220;|||&#8220;][et_pb_text admin_label=&#8220;Testo&#8220; _builder_version=&#8220;3.27.4&#8243; text_font=&#8220;Montserrat||||||||&#8220; text_letter_spacing=&#8220;1px&#8220; text_line_height=&#8220;2em&#8220; header_font=&#8220;||||||||&#8220; header_2_font=&#8220;||||||||&#8220; header_2_text_align=&#8220;left&#8220; header_2_font_size=&#8220;30px&#8220; header_2_letter_spacing=&#8220;1&#8243; header_2_line_height=&#8220;1.7em&#8220; z_index_tablet=&#8220;500&#8243; header_2_font_size_tablet=&#8220;&#8220; header_2_font_size_phone=&#8220;20px&#8220; header_2_font_size_last_edited=&#8220;on|phone&#8220;] MIETBEDINGUNGEN UND FRISTEN [\/et_pb_text][et_pb_text admin_label=&#8220;Termini e condizioni&#8220; module_class=&#8220;condizioni-titoli&#8220; _builder_version=&#8220;4.0.7&#8243; [&hellip;]<\/p>\n","protected":false},"author":1,"featured_media":0,"parent":0,"menu_order":0,"comment_status":"closed","ping_status":"closed","template":"","meta":{"_et_pb_use_builder":"on","_et_pb_old_content":"","_et_gb_content_width":"","footnotes":""},"class_list":["post-1483","page","type-page","status-publish","hentry"],"yoast_head":"<!-- This site is optimized with the Yoast SEO plugin v27.0 - https:\/\/yoast.com\/product\/yoast-seo-wordpress\/ -->\n<title>MIETBEDINGUNGEN UND FRISTEN - Appartamenti Rocca<\/title>\n<meta name=\"robots\" content=\"index, follow, max-snippet:-1, max-image-preview:large, max-video-preview:-1\" \/>\n<link rel=\"canonical\" href=\"https:\/\/www.appartamentirocca.it\/de\/mietbedingungen-und-fristen\/\" \/>\n<meta property=\"og:locale\" content=\"de_DE\" \/>\n<meta property=\"og:type\" content=\"article\" \/>\n<meta property=\"og:title\" content=\"MIETBEDINGUNGEN UND FRISTEN - Appartamenti Rocca\" \/>\n<meta property=\"og:description\" content=\"[et_pb_section fb_built=&#8220;1&#8243; _builder_version=&#8220;3.22&#8243; custom_margin=&#8220;-146px|||&#8220; custom_margin_tablet=&#8220;&#8220; custom_margin_phone=&#8220;-100px||&#8220; custom_margin_last_edited=&#8220;on|phone&#8220; custom_padding=&#8220;0px|0px|0px|0px&#8220; z_index_tablet=&#8220;500&#8243;][et_pb_row _builder_version=&#8220;3.25&#8243; custom_padding=&#8220;0px||0px|&#8220; z_index_tablet=&#8220;500&#8243;][et_pb_column type=&#8220;4_4&#8243; _builder_version=&#8220;3.25&#8243; custom_padding=&#8220;|||&#8220; custom_padding__hover=&#8220;|||&#8220;][et_pb_text _builder_version=&#8220;3.27.4&#8243;] &nbsp;[\/et_pb_text][\/et_pb_column][\/et_pb_row][\/et_pb_section][et_pb_section fb_built=&#8220;1&#8243; _builder_version=&#8220;3.22&#8243; custom_padding=&#8220;80px||80px&#8220;][et_pb_row module_id=&#8220;appartamenti&#8220; _builder_version=&#8220;3.25&#8243; background_size=&#8220;initial&#8220; background_position=&#8220;top_left&#8220; background_repeat=&#8220;repeat&#8220; custom_padding=&#8220;0px||0px&#8220;][et_pb_column type=&#8220;4_4&#8243; _builder_version=&#8220;3.25&#8243; custom_padding=&#8220;|||&#8220; custom_padding__hover=&#8220;|||&#8220;][et_pb_text admin_label=&#8220;Testo&#8220; _builder_version=&#8220;3.27.4&#8243; text_font=&#8220;Montserrat||||||||&#8220; text_letter_spacing=&#8220;1px&#8220; text_line_height=&#8220;2em&#8220; header_font=&#8220;||||||||&#8220; header_2_font=&#8220;||||||||&#8220; header_2_text_align=&#8220;left&#8220; header_2_font_size=&#8220;30px&#8220; header_2_letter_spacing=&#8220;1&#8243; header_2_line_height=&#8220;1.7em&#8220; z_index_tablet=&#8220;500&#8243; header_2_font_size_tablet=&#8220;&#8220; header_2_font_size_phone=&#8220;20px&#8220; header_2_font_size_last_edited=&#8220;on|phone&#8220;] MIETBEDINGUNGEN UND FRISTEN [\/et_pb_text][et_pb_text admin_label=&#8220;Termini e condizioni&#8220; module_class=&#8220;condizioni-titoli&#8220; _builder_version=&#8220;4.0.7&#8243; [&hellip;]\" \/>\n<meta property=\"og:url\" content=\"https:\/\/www.appartamentirocca.it\/de\/mietbedingungen-und-fristen\/\" \/>\n<meta property=\"og:site_name\" content=\"Appartamenti Rocca\" \/>\n<meta property=\"article:modified_time\" content=\"2019-12-28T08:09:27+00:00\" \/>\n<meta name=\"twitter:card\" content=\"summary_large_image\" \/>\n<meta name=\"twitter:label1\" content=\"Gesch\u00e4tzte Lesezeit\" \/>\n\t<meta name=\"twitter:data1\" content=\"6\u00a0Minuten\" \/>\n<script type=\"application\/ld+json\" class=\"yoast-schema-graph\">{\"@context\":\"https:\/\/schema.org\",\"@graph\":[{\"@type\":\"WebPage\",\"@id\":\"https:\/\/www.appartamentirocca.it\/de\/mietbedingungen-und-fristen\/\",\"url\":\"https:\/\/www.appartamentirocca.it\/de\/mietbedingungen-und-fristen\/\",\"name\":\"MIETBEDINGUNGEN UND FRISTEN - Appartamenti Rocca\",\"isPartOf\":{\"@id\":\"https:\/\/www.appartamentirocca.it\/de\/#website\"},\"datePublished\":\"2019-10-22T09:34:19+00:00\",\"dateModified\":\"2019-12-28T08:09:27+00:00\",\"breadcrumb\":{\"@id\":\"https:\/\/www.appartamentirocca.it\/de\/mietbedingungen-und-fristen\/#breadcrumb\"},\"inLanguage\":\"de\",\"potentialAction\":[{\"@type\":\"ReadAction\",\"target\":[\"https:\/\/www.appartamentirocca.it\/de\/mietbedingungen-und-fristen\/\"]}]},{\"@type\":\"BreadcrumbList\",\"@id\":\"https:\/\/www.appartamentirocca.it\/de\/mietbedingungen-und-fristen\/#breadcrumb\",\"itemListElement\":[{\"@type\":\"ListItem\",\"position\":1,\"name\":\"Home\",\"item\":\"https:\/\/www.appartamentirocca.it\/de\/\"},{\"@type\":\"ListItem\",\"position\":2,\"name\":\"MIETBEDINGUNGEN UND FRISTEN\"}]},{\"@type\":\"WebSite\",\"@id\":\"https:\/\/www.appartamentirocca.it\/de\/#website\",\"url\":\"https:\/\/www.appartamentirocca.it\/de\/\",\"name\":\"Appartamenti Rocca\",\"description\":\"Azienda agricola ed enoteca\",\"potentialAction\":[{\"@type\":\"SearchAction\",\"target\":{\"@type\":\"EntryPoint\",\"urlTemplate\":\"https:\/\/www.appartamentirocca.it\/de\/?s={search_term_string}\"},\"query-input\":{\"@type\":\"PropertyValueSpecification\",\"valueRequired\":true,\"valueName\":\"search_term_string\"}}],\"inLanguage\":\"de\"}]}<\/script>\n<!-- \/ Yoast SEO plugin. -->","yoast_head_json":{"title":"MIETBEDINGUNGEN UND FRISTEN - Appartamenti Rocca","robots":{"index":"index","follow":"follow","max-snippet":"max-snippet:-1","max-image-preview":"max-image-preview:large","max-video-preview":"max-video-preview:-1"},"canonical":"https:\/\/www.appartamentirocca.it\/de\/mietbedingungen-und-fristen\/","og_locale":"de_DE","og_type":"article","og_title":"MIETBEDINGUNGEN UND FRISTEN - Appartamenti Rocca","og_description":"[et_pb_section fb_built=&#8220;1&#8243; _builder_version=&#8220;3.22&#8243; custom_margin=&#8220;-146px|||&#8220; custom_margin_tablet=&#8220;&#8220; custom_margin_phone=&#8220;-100px||&#8220; custom_margin_last_edited=&#8220;on|phone&#8220; custom_padding=&#8220;0px|0px|0px|0px&#8220; z_index_tablet=&#8220;500&#8243;][et_pb_row _builder_version=&#8220;3.25&#8243; custom_padding=&#8220;0px||0px|&#8220; z_index_tablet=&#8220;500&#8243;][et_pb_column type=&#8220;4_4&#8243; _builder_version=&#8220;3.25&#8243; custom_padding=&#8220;|||&#8220; custom_padding__hover=&#8220;|||&#8220;][et_pb_text _builder_version=&#8220;3.27.4&#8243;] &nbsp;[\/et_pb_text][\/et_pb_column][\/et_pb_row][\/et_pb_section][et_pb_section fb_built=&#8220;1&#8243; _builder_version=&#8220;3.22&#8243; custom_padding=&#8220;80px||80px&#8220;][et_pb_row module_id=&#8220;appartamenti&#8220; _builder_version=&#8220;3.25&#8243; background_size=&#8220;initial&#8220; background_position=&#8220;top_left&#8220; background_repeat=&#8220;repeat&#8220; custom_padding=&#8220;0px||0px&#8220;][et_pb_column type=&#8220;4_4&#8243; _builder_version=&#8220;3.25&#8243; custom_padding=&#8220;|||&#8220; custom_padding__hover=&#8220;|||&#8220;][et_pb_text admin_label=&#8220;Testo&#8220; _builder_version=&#8220;3.27.4&#8243; text_font=&#8220;Montserrat||||||||&#8220; text_letter_spacing=&#8220;1px&#8220; text_line_height=&#8220;2em&#8220; header_font=&#8220;||||||||&#8220; header_2_font=&#8220;||||||||&#8220; header_2_text_align=&#8220;left&#8220; header_2_font_size=&#8220;30px&#8220; header_2_letter_spacing=&#8220;1&#8243; header_2_line_height=&#8220;1.7em&#8220; z_index_tablet=&#8220;500&#8243; header_2_font_size_tablet=&#8220;&#8220; header_2_font_size_phone=&#8220;20px&#8220; header_2_font_size_last_edited=&#8220;on|phone&#8220;] MIETBEDINGUNGEN UND FRISTEN [\/et_pb_text][et_pb_text admin_label=&#8220;Termini e condizioni&#8220; module_class=&#8220;condizioni-titoli&#8220; _builder_version=&#8220;4.0.7&#8243; [&hellip;]","og_url":"https:\/\/www.appartamentirocca.it\/de\/mietbedingungen-und-fristen\/","og_site_name":"Appartamenti Rocca","article_modified_time":"2019-12-28T08:09:27+00:00","twitter_card":"summary_large_image","twitter_misc":{"Gesch\u00e4tzte Lesezeit":"6\u00a0Minuten"},"schema":{"@context":"https:\/\/schema.org","@graph":[{"@type":"WebPage","@id":"https:\/\/www.appartamentirocca.it\/de\/mietbedingungen-und-fristen\/","url":"https:\/\/www.appartamentirocca.it\/de\/mietbedingungen-und-fristen\/","name":"MIETBEDINGUNGEN UND FRISTEN - Appartamenti Rocca","isPartOf":{"@id":"https:\/\/www.appartamentirocca.it\/de\/#website"},"datePublished":"2019-10-22T09:34:19+00:00","dateModified":"2019-12-28T08:09:27+00:00","breadcrumb":{"@id":"https:\/\/www.appartamentirocca.it\/de\/mietbedingungen-und-fristen\/#breadcrumb"},"inLanguage":"de","potentialAction":[{"@type":"ReadAction","target":["https:\/\/www.appartamentirocca.it\/de\/mietbedingungen-und-fristen\/"]}]},{"@type":"BreadcrumbList","@id":"https:\/\/www.appartamentirocca.it\/de\/mietbedingungen-und-fristen\/#breadcrumb","itemListElement":[{"@type":"ListItem","position":1,"name":"Home","item":"https:\/\/www.appartamentirocca.it\/de\/"},{"@type":"ListItem","position":2,"name":"MIETBEDINGUNGEN UND FRISTEN"}]},{"@type":"WebSite","@id":"https:\/\/www.appartamentirocca.it\/de\/#website","url":"https:\/\/www.appartamentirocca.it\/de\/","name":"Appartamenti Rocca","description":"Azienda agricola ed enoteca","potentialAction":[{"@type":"SearchAction","target":{"@type":"EntryPoint","urlTemplate":"https:\/\/www.appartamentirocca.it\/de\/?s={search_term_string}"},"query-input":{"@type":"PropertyValueSpecification","valueRequired":true,"valueName":"search_term_string"}}],"inLanguage":"de"}]}},"_links":{"self":[{"href":"https:\/\/www.appartamentirocca.it\/de\/wp-json\/wp\/v2\/pages\/1483","targetHints":{"allow":["GET"]}}],"collection":[{"href":"https:\/\/www.appartamentirocca.it\/de\/wp-json\/wp\/v2\/pages"}],"about":[{"href":"https:\/\/www.appartamentirocca.it\/de\/wp-json\/wp\/v2\/types\/page"}],"author":[{"embeddable":true,"href":"https:\/\/www.appartamentirocca.it\/de\/wp-json\/wp\/v2\/users\/1"}],"replies":[{"embeddable":true,"href":"https:\/\/www.appartamentirocca.it\/de\/wp-json\/wp\/v2\/comments?post=1483"}],"version-history":[{"count":9,"href":"https:\/\/www.appartamentirocca.it\/de\/wp-json\/wp\/v2\/pages\/1483\/revisions"}],"predecessor-version":[{"id":1886,"href":"https:\/\/www.appartamentirocca.it\/de\/wp-json\/wp\/v2\/pages\/1483\/revisions\/1886"}],"wp:attachment":[{"href":"https:\/\/www.appartamentirocca.it\/de\/wp-json\/wp\/v2\/media?parent=1483"}],"curies":[{"name":"wp","href":"https:\/\/api.w.org\/{rel}","templated":true}]}}