{"id":1271,"date":"2019-10-01T10:25:45","date_gmt":"2019-10-01T08:25:45","guid":{"rendered":"https:\/\/www.appartamentirocca.it\/home\/"},"modified":"2019-11-18T10:34:18","modified_gmt":"2019-11-18T09:34:18","slug":"home","status":"publish","type":"page","link":"https:\/\/www.appartamentirocca.it\/de\/","title":{"rendered":"Home"},"content":{"rendered":"<p>[et_pb_section fb_built=&#8220;1&#8243; fullwidth=&#8220;on&#8220; _builder_version=&#8220;3.21.1&#8243; custom_margin=&#8220;-146px|||&#8220; custom_margin_phone=&#8220;0px||&#8220; custom_margin_last_edited=&#8220;on|phone&#8220; custom_padding=&#8220;0px|0px|0px|0px&#8220; z_index_tablet=&#8220;500&#8243;][et_pb_nextend_smart_slider_3_fullwidth slider=&#8220;6&#8243; _builder_version=&#8220;3.21.1&#8243;][\/et_pb_nextend_smart_slider_3_fullwidth][\/et_pb_section]<\/p>\n","protected":false},"excerpt":{"rendered":"<p>[et_pb_section fb_built=&#8220;1&#8243; fullwidth=&#8220;on&#8220; _builder_version=&#8220;3.21.1&#8243; custom_margin=&#8220;-146px|||&#8220; custom_margin_phone=&#8220;0px||&#8220; custom_margin_last_edited=&#8220;on|phone&#8220; custom_padding=&#8220;0px|0px|0px|0px&#8220; z_index_tablet=&#8220;500&#8243;][et_pb_nextend_smart_slider_3_fullwidth slider=&#8220;6&#8243; _builder_version=&#8220;3.21.1&#8243;][\/et_pb_nextend_smart_slider_3_fullwidth][\/et_pb_section]<\/p>\n","protected":false},"author":1,"featured_media":0,"parent":0,"menu_order":0,"comment_status":"closed","ping_status":"closed","template":"","meta":{"_et_pb_use_builder":"on","_et_pb_old_content":"","_et_gb_content_width":"","footnotes":""},"class_list":["post-1271","page","type-page","status-publish","hentry"],"yoast_head":"<!-- This site is optimized with the Yoast SEO plugin v27.0 - https:\/\/yoast.com\/product\/yoast-seo-wordpress\/ -->\n<title>Home | Appartamenti Rocca | \u00fcbernachten in pr\u00e4chtigen wohnungen in monforte d&#039;alba in der langhe<\/title>\n<meta name=\"description\" content=\"\u00fcbernachten in pr\u00e4chtigen wohnungen in monforte d&#039;alba in der langhe\" \/>\n<meta name=\"robots\" content=\"index, follow, max-snippet:-1, max-image-preview:large, max-video-preview:-1\" \/>\n<link rel=\"canonical\" href=\"https:\/\/www.appartamentirocca.it\/de\/\" \/>\n<meta property=\"og:locale\" content=\"de_DE\" \/>\n<meta property=\"og:type\" content=\"article\" \/>\n<meta property=\"og:title\" content=\"Home | Appartamenti Rocca | \u00fcbernachten in pr\u00e4chtigen wohnungen in monforte d&#039;alba in der langhe\" \/>\n<meta property=\"og:description\" content=\"\u00fcbernachten in pr\u00e4chtigen wohnungen in monforte d&#039;alba in der langhe\" \/>\n<meta property=\"og:url\" content=\"https:\/\/www.appartamentirocca.it\/de\/\" \/>\n<meta property=\"og:site_name\" content=\"Appartamenti Rocca\" \/>\n<meta property=\"article:modified_time\" content=\"2019-11-18T09:34:18+00:00\" \/>\n<meta name=\"twitter:card\" content=\"summary_large_image\" \/>\n<script type=\"application\/ld+json\" class=\"yoast-schema-graph\">{\"@context\":\"https:\/\/schema.org\",\"@graph\":[{\"@type\":\"WebPage\",\"@id\":\"https:\/\/www.appartamentirocca.it\/de\/\",\"url\":\"https:\/\/www.appartamentirocca.it\/de\/\",\"name\":\"Home | Appartamenti Rocca | \u00fcbernachten in pr\u00e4chtigen wohnungen in monforte d'alba in der langhe\",\"isPartOf\":{\"@id\":\"https:\/\/www.appartamentirocca.it\/de\/#website\"},\"datePublished\":\"2019-10-01T08:25:45+00:00\",\"dateModified\":\"2019-11-18T09:34:18+00:00\",\"description\":\"\u00fcbernachten in pr\u00e4chtigen wohnungen in monforte d'alba in der langhe\",\"breadcrumb\":{\"@id\":\"https:\/\/www.appartamentirocca.it\/de\/#breadcrumb\"},\"inLanguage\":\"de\",\"potentialAction\":[{\"@type\":\"ReadAction\",\"target\":[\"https:\/\/www.appartamentirocca.it\/de\/\"]}]},{\"@type\":\"BreadcrumbList\",\"@id\":\"https:\/\/www.appartamentirocca.it\/de\/#breadcrumb\",\"itemListElement\":[{\"@type\":\"ListItem\",\"position\":1,\"name\":\"Home\",\"item\":\"https:\/\/www.appartamentirocca.it\/de\/\"},{\"@type\":\"ListItem\",\"position\":2,\"name\":\"Home\"}]},{\"@type\":\"WebSite\",\"@id\":\"https:\/\/www.appartamentirocca.it\/de\/#website\",\"url\":\"https:\/\/www.appartamentirocca.it\/de\/\",\"name\":\"Appartamenti Rocca\",\"description\":\"Azienda agricola ed enoteca\",\"potentialAction\":[{\"@type\":\"SearchAction\",\"target\":{\"@type\":\"EntryPoint\",\"urlTemplate\":\"https:\/\/www.appartamentirocca.it\/de\/?s={search_term_string}\"},\"query-input\":{\"@type\":\"PropertyValueSpecification\",\"valueRequired\":true,\"valueName\":\"search_term_string\"}}],\"inLanguage\":\"de\"}]}<\/script>\n<!-- \/ Yoast SEO plugin. -->","yoast_head_json":{"title":"Home | Appartamenti Rocca | \u00fcbernachten in pr\u00e4chtigen wohnungen in monforte d'alba in der langhe","description":"\u00fcbernachten in pr\u00e4chtigen wohnungen in monforte d'alba in der langhe","robots":{"index":"index","follow":"follow","max-snippet":"max-snippet:-1","max-image-preview":"max-image-preview:large","max-video-preview":"max-video-preview:-1"},"canonical":"https:\/\/www.appartamentirocca.it\/de\/","og_locale":"de_DE","og_type":"article","og_title":"Home | Appartamenti Rocca | \u00fcbernachten in pr\u00e4chtigen wohnungen in monforte d'alba in der langhe","og_description":"\u00fcbernachten in pr\u00e4chtigen wohnungen in monforte d'alba in der langhe","og_url":"https:\/\/www.appartamentirocca.it\/de\/","og_site_name":"Appartamenti Rocca","article_modified_time":"2019-11-18T09:34:18+00:00","twitter_card":"summary_large_image","schema":{"@context":"https:\/\/schema.org","@graph":[{"@type":"WebPage","@id":"https:\/\/www.appartamentirocca.it\/de\/","url":"https:\/\/www.appartamentirocca.it\/de\/","name":"Home | Appartamenti Rocca | \u00fcbernachten in pr\u00e4chtigen wohnungen in monforte d'alba in der langhe","isPartOf":{"@id":"https:\/\/www.appartamentirocca.it\/de\/#website"},"datePublished":"2019-10-01T08:25:45+00:00","dateModified":"2019-11-18T09:34:18+00:00","description":"\u00fcbernachten in pr\u00e4chtigen wohnungen in monforte d'alba in der langhe","breadcrumb":{"@id":"https:\/\/www.appartamentirocca.it\/de\/#breadcrumb"},"inLanguage":"de","potentialAction":[{"@type":"ReadAction","target":["https:\/\/www.appartamentirocca.it\/de\/"]}]},{"@type":"BreadcrumbList","@id":"https:\/\/www.appartamentirocca.it\/de\/#breadcrumb","itemListElement":[{"@type":"ListItem","position":1,"name":"Home","item":"https:\/\/www.appartamentirocca.it\/de\/"},{"@type":"ListItem","position":2,"name":"Home"}]},{"@type":"WebSite","@id":"https:\/\/www.appartamentirocca.it\/de\/#website","url":"https:\/\/www.appartamentirocca.it\/de\/","name":"Appartamenti Rocca","description":"Azienda agricola ed enoteca","potentialAction":[{"@type":"SearchAction","target":{"@type":"EntryPoint","urlTemplate":"https:\/\/www.appartamentirocca.it\/de\/?s={search_term_string}"},"query-input":{"@type":"PropertyValueSpecification","valueRequired":true,"valueName":"search_term_string"}}],"inLanguage":"de"}]}},"_links":{"self":[{"href":"https:\/\/www.appartamentirocca.it\/de\/wp-json\/wp\/v2\/pages\/1271","targetHints":{"allow":["GET"]}}],"collection":[{"href":"https:\/\/www.appartamentirocca.it\/de\/wp-json\/wp\/v2\/pages"}],"about":[{"href":"https:\/\/www.appartamentirocca.it\/de\/wp-json\/wp\/v2\/types\/page"}],"author":[{"embeddable":true,"href":"https:\/\/www.appartamentirocca.it\/de\/wp-json\/wp\/v2\/users\/1"}],"replies":[{"embeddable":true,"href":"https:\/\/www.appartamentirocca.it\/de\/wp-json\/wp\/v2\/comments?post=1271"}],"version-history":[{"count":1,"href":"https:\/\/www.appartamentirocca.it\/de\/wp-json\/wp\/v2\/pages\/1271\/revisions"}],"predecessor-version":[{"id":1272,"href":"https:\/\/www.appartamentirocca.it\/de\/wp-json\/wp\/v2\/pages\/1271\/revisions\/1272"}],"wp:attachment":[{"href":"https:\/\/www.appartamentirocca.it\/de\/wp-json\/wp\/v2\/media?parent=1271"}],"curies":[{"name":"wp","href":"https:\/\/api.w.org\/{rel}","templated":true}]}}